{"id":18808,"date":"2025-02-14T13:14:29","date_gmt":"2025-02-14T18:14:29","guid":{"rendered":"https:\/\/mapiece.ca\/?post_type=product&#038;p=18808"},"modified":"2025-02-14T13:16:41","modified_gmt":"2025-02-14T18:16:41","slug":"kit-de-demarrage-4387913","status":"publish","type":"product","link":"https:\/\/mapiece.ca\/en\/product\/kit-de-demarrage-4387913\/","title":{"rendered":"Kit de D\u00e9marrage &#8211; 4387913"},"content":{"rendered":"","protected":false},"excerpt":{"rendered":"<p>Kit de D\u00e9marrage pour R\u00e9frig\u00e9rateur.<\/p>\n","protected":false},"featured_media":18809,"comment_status":"closed","ping_status":"closed","template":"","meta":{"_acf_changed":false},"product_brand":[],"product_cat":[187,98],"product_tag":[],"class_list":{"0":"post-18808","1":"product","2":"type-product","3":"status-publish","4":"has-post-thumbnail","6":"product_cat-electromenagers","7":"product_cat-refrigerateur","9":"first","10":"instock","11":"sale","12":"taxable","13":"shipping-taxable","14":"purchasable","15":"product-type-simple"},"acf":[],"_links":{"self":[{"href":"https:\/\/mapiece.ca\/en\/wp-json\/wp\/v2\/product\/18808","targetHints":{"allow":["GET"]}}],"collection":[{"href":"https:\/\/mapiece.ca\/en\/wp-json\/wp\/v2\/product"}],"about":[{"href":"https:\/\/mapiece.ca\/en\/wp-json\/wp\/v2\/types\/product"}],"replies":[{"embeddable":true,"href":"https:\/\/mapiece.ca\/en\/wp-json\/wp\/v2\/comments?post=18808"}],"wp:featuredmedia":[{"embeddable":true,"href":"https:\/\/mapiece.ca\/en\/wp-json\/wp\/v2\/media\/18809"}],"wp:attachment":[{"href":"https:\/\/mapiece.ca\/en\/wp-json\/wp\/v2\/media?parent=18808"}],"wp:term":[{"taxonomy":"product_brand","embeddable":true,"href":"https:\/\/mapiece.ca\/en\/wp-json\/wp\/v2\/product_brand?post=18808"},{"taxonomy":"product_cat","embeddable":true,"href":"https:\/\/mapiece.ca\/en\/wp-json\/wp\/v2\/product_cat?post=18808"},{"taxonomy":"product_tag","embeddable":true,"href":"https:\/\/mapiece.ca\/en\/wp-json\/wp\/v2\/product_tag?post=18808"}],"curies":[{"name":"wp","href":"https:\/\/api.w.org\/{rel}","templated":true}]}}