{"id":19122,"date":"2025-11-12T11:42:29","date_gmt":"2025-11-12T16:42:29","guid":{"rendered":"https:\/\/mapiece.ca\/?post_type=product&#038;p=19122"},"modified":"2025-11-12T11:43:52","modified_gmt":"2025-11-12T16:43:52","slug":"service-rebuilt","status":"publish","type":"product","link":"https:\/\/mapiece.ca\/en\/product\/service-rebuilt\/","title":{"rendered":"Service Rebuilt"},"content":{"rendered":"","protected":false},"excerpt":{"rendered":"<p>Service de r\u00e9paration pour Minuterie de Cuisini\u00e8re. Envoyez nous votre Minuterie \u00e0 vos frais pour R\u00e9paration. Si non r\u00e9parable, nous vous remboursons moins les frais de transport du aller-retour qui s&#8217;\u00e9l\u00e8vent \u00e0 20$ plus taxes<\/p>\n","protected":false},"featured_media":19125,"comment_status":"closed","ping_status":"closed","template":"","meta":{"_acf_changed":false},"product_brand":[],"product_cat":[116,187],"product_tag":[],"class_list":{"0":"post-19122","1":"product","2":"type-product","3":"status-publish","4":"has-post-thumbnail","6":"product_cat-cuisiniere-four","7":"product_cat-electromenagers","9":"first","10":"instock","11":"sale","12":"taxable","13":"shipping-taxable","14":"purchasable","15":"product-type-simple"},"acf":[],"_links":{"self":[{"href":"https:\/\/mapiece.ca\/en\/wp-json\/wp\/v2\/product\/19122","targetHints":{"allow":["GET"]}}],"collection":[{"href":"https:\/\/mapiece.ca\/en\/wp-json\/wp\/v2\/product"}],"about":[{"href":"https:\/\/mapiece.ca\/en\/wp-json\/wp\/v2\/types\/product"}],"replies":[{"embeddable":true,"href":"https:\/\/mapiece.ca\/en\/wp-json\/wp\/v2\/comments?post=19122"}],"wp:featuredmedia":[{"embeddable":true,"href":"https:\/\/mapiece.ca\/en\/wp-json\/wp\/v2\/media\/19125"}],"wp:attachment":[{"href":"https:\/\/mapiece.ca\/en\/wp-json\/wp\/v2\/media?parent=19122"}],"wp:term":[{"taxonomy":"product_brand","embeddable":true,"href":"https:\/\/mapiece.ca\/en\/wp-json\/wp\/v2\/product_brand?post=19122"},{"taxonomy":"product_cat","embeddable":true,"href":"https:\/\/mapiece.ca\/en\/wp-json\/wp\/v2\/product_cat?post=19122"},{"taxonomy":"product_tag","embeddable":true,"href":"https:\/\/mapiece.ca\/en\/wp-json\/wp\/v2\/product_tag?post=19122"}],"curies":[{"name":"wp","href":"https:\/\/api.w.org\/{rel}","templated":true}]}}