{"id":19300,"date":"2026-04-13T09:55:13","date_gmt":"2026-04-13T13:55:13","guid":{"rendered":"https:\/\/mapiece.ca\/?post_type=product&#038;p=19300"},"modified":"2026-04-13T10:15:13","modified_gmt":"2026-04-13T14:15:13","slug":"minuterie-remise-a-neuf-tm-re","status":"publish","type":"product","link":"https:\/\/mapiece.ca\/en\/product\/minuterie-remise-a-neuf-tm-re\/","title":{"rendered":"Minuterie &#8211; Remise a neuf &#8211; TM-RE"},"content":{"rendered":"","protected":false},"excerpt":{"rendered":"<p>Votre contr\u00f4le est discontinu\u00e9, en rupture de stock ou trop cher ?\u00a0 Nous offrons le service de remise a neuf de votre contr\u00f4le de Cuisini\u00e8re avec une garantie de 3 mois. Tout ce que vous avez \u00e0 faire est d&#8217;envoyer votre contr\u00f4le a un de nos points de service que vous allez recevoir par courriel une fois la commande pass\u00e9e. Cette alternative est pour les gens qui veulent garder leur cuisini\u00e8re ou four encastr\u00e9 car tout fonctionne bien et tout est en parfait \u00e9tat. Que ce soit de la marque Frigidaire, Whirlpool, Amana, Maytag, Jennair, Samsung, LG, Kitchenaid, Kenmore et etc&#8230;<\/p>\n<p>Pour toutes questions ou informations pour savoir si on r\u00e9pare votre contr\u00f4le, pr\u00e9parez votre num\u00e9ros de mod\u00e8le de votre cuisini\u00e8re ou Four Encastr\u00e9 et envoyez un courriel \u00e0 <a href=\"mailto:Service@mapiece.ca\">Service\u00a0<\/a><\/p>\n","protected":false},"featured_media":19301,"comment_status":"closed","ping_status":"closed","template":"","meta":{"_acf_changed":false},"product_brand":[],"product_cat":[116,187],"product_tag":[1159,1157,1158],"class_list":{"0":"post-19300","1":"product","2":"type-product","3":"status-publish","4":"has-post-thumbnail","6":"product_cat-cuisiniere-four","7":"product_cat-electromenagers","8":"product_tag-minuterie-de-four","9":"product_tag-remise-a-neuf","10":"product_tag-timer-rebuilt","12":"first","13":"instock","14":"sale","15":"taxable","16":"shipping-taxable","17":"purchasable","18":"product-type-simple"},"acf":[],"_links":{"self":[{"href":"https:\/\/mapiece.ca\/en\/wp-json\/wp\/v2\/product\/19300","targetHints":{"allow":["GET"]}}],"collection":[{"href":"https:\/\/mapiece.ca\/en\/wp-json\/wp\/v2\/product"}],"about":[{"href":"https:\/\/mapiece.ca\/en\/wp-json\/wp\/v2\/types\/product"}],"replies":[{"embeddable":true,"href":"https:\/\/mapiece.ca\/en\/wp-json\/wp\/v2\/comments?post=19300"}],"wp:featuredmedia":[{"embeddable":true,"href":"https:\/\/mapiece.ca\/en\/wp-json\/wp\/v2\/media\/19301"}],"wp:attachment":[{"href":"https:\/\/mapiece.ca\/en\/wp-json\/wp\/v2\/media?parent=19300"}],"wp:term":[{"taxonomy":"product_brand","embeddable":true,"href":"https:\/\/mapiece.ca\/en\/wp-json\/wp\/v2\/product_brand?post=19300"},{"taxonomy":"product_cat","embeddable":true,"href":"https:\/\/mapiece.ca\/en\/wp-json\/wp\/v2\/product_cat?post=19300"},{"taxonomy":"product_tag","embeddable":true,"href":"https:\/\/mapiece.ca\/en\/wp-json\/wp\/v2\/product_tag?post=19300"}],"curies":[{"name":"wp","href":"https:\/\/api.w.org\/{rel}","templated":true}]}}